{"id":510,"date":"2023-02-06T09:51:44","date_gmt":"2023-02-06T15:51:44","guid":{"rendered":"https:\/\/monimoney.com\/?page_id=510"},"modified":"2023-02-06T09:51:46","modified_gmt":"2023-02-06T15:51:46","slug":"aviso-de-privacidad","status":"publish","type":"page","link":"https:\/\/monimoney.com\/index.php\/aviso-de-privacidad\/","title":{"rendered":"Aviso de Privacidad"},"content":{"rendered":"\n<p>Moni Money a trav\u00e9s de Cassagne &amp; Caballero, Mejor Invierte, Lorif Asociados, principalmente; hace del conocimiento de los interesados que entreguen informaci\u00f3n personal, lo siguiente:<\/p>\n\n\n\n<p>1.- <strong>DATOS PERSONALES E INFORMACI\u00d3N SENSIBLE PROPORCIONADOS POR USTED QUE SER\u00c1N SOMETIDOS AL TRATAMIENTO CORRESPONDIENTE:<\/strong><\/p>\n\n\n\n<p><\/p>\n\n\n\n<p style=\"margin-top:0;margin-right:0;margin-bottom:0;margin-left:0\">a) Datos personales: Datos de identificaci\u00f3n, contacto y laborales.<\/p>\n\n\n\n<p style=\"margin-top:0;margin-right:0;margin-bottom:0;margin-left:0\">b) Datos personales sensibles: Datos raciales o \u00e9tnicos, estado de salud presente y futuro, informaci\u00f3n gen\u00e9tica, creencias filos\u00f3ficas y morales, afiliaci\u00f3n sindical, preferencia sexual, patrimoniales, acad\u00e9micos, migratorios, caracter\u00edsticas f\u00edsicas y datos sobre procedimientos administrativos segudos en forma de juicio y\/o jurisdiccionales.<\/p>\n\n\n\n<p>2.- <strong>FINALIDADES PRIMARIAS DEL TRATAMIENTO:<\/strong><\/p>\n\n\n\n<p>a) Clientes (prospectos, solicitantes, asegurados, beneficiarios, fideicomitentes, fideicomisarios y proveedores de recursos):<\/p>\n\n\n\n<p>i. Identificaci\u00f3n y an\u00e1lisis de necesidades de protecci\u00f3n, ahorro e inversi\u00f3n.<\/p>\n\n\n\n<p>ii. Generar propuestas y cotizaciones de productos de cualquiera de las Compa\u00f1\u00edas Aseguradoras con las que labore.<\/p>\n\n\n\n<p>iii. Llenar los formatos correspondientes para la solicitud de cualquier producto.<\/p>\n\n\n\n<p>iv. Proveer de atenci\u00f3n y servicio a aquellas personas que se conviertan en clientes de cualquier Aseguradora. Sea por intermediaci\u00f3n m\u00eda o asignaci\u00f3n de las Compa\u00f1\u00edas.<\/p>\n\n\n\n<p>3.- <strong>TRANSFERENCIA DE DATOS:<\/strong><\/p>\n\n\n\n<p>Sus datos personales ser\u00e1n transferidos a las Compa\u00f1\u00edas Aseguradoras, para las finalidades antes descritas en el p\u00e1rrafo 2 incisos ii, iii y iv de este Aviso de Privacidad.<\/p>\n\n\n\n<p>4.- <strong>DEL CONSENTIMIENTO<\/strong><\/p>\n\n\n\n<p>No se requerir\u00e1 el consentimiento de El Titular, para tratar datos personales cuando lo haga con fundamento en el art\u00edculo 10 de la Ley.<\/p>\n\n\n\n<p>Cuando se trate de datos personales sensibles, para su tratamiento, se recabar\u00e1 el consentimiento respectivo, el cual, junto con el presente Aviso de Privacidad faculta al Agente a darle el tratamiento que haya sido autorizado por El Titular.<\/p>\n\n\n\n<p>NOTA: Puede solicitar la revocaci\u00f3n de su consentimiento para que sus datos sensibles dejen de ser tratados para los fines descritos en este Aviso Privacidad a trav\u00e9s del procedimiento detallado en el apartado 5.<\/p>\n\n\n\n<p>5.- <strong>MEDIOS Y PROCEDIMIENTOS PAA LA REVOCACI\u00d3N DE SU CONSENTIMIENTO, Y EJERCICIO DE SUS DEECHOS ARCO.<\/strong><\/p>\n\n\n\n<p>a) Requisitos:<\/p>\n\n\n\n<ul>\n<li>Solicitud (formato) que le proporcione el Agente y\/o escrito libre (carta).<\/li>\n\n\n\n<li>Identificaci\u00f3n Oficial Vigente.<\/li>\n\n\n\n<li>Menores de Edad: Acta de Nacimiento, Identificaci\u00f3n oficial del Tutor.<\/li>\n\n\n\n<li>Representante Legal: Carta Poder firmada por el Titular, Representante Legal y dos Testigos, Identificaci\u00f3n oficial vigente, de los Testigos y del Representante Legal.<\/li>\n<\/ul>\n\n\n\n<p>b) Procedimiento:<\/p>\n\n\n\n<p>En cualquier momento podr\u00e1 realizar la solicitud correspondiente a El Agente con los requisitos antes descritos. El Agente verificar\u00e1 la informaci\u00f3n proporcionada y proceder\u00e1 a la atenci\u00f3n de su solicitud. Cabe mencionar que se deber\u00e1 llenar una solicitud por cada tr\u00e1mite a realizar.<\/p>\n\n\n\n<p>El Agente entregar\u00e1 a El Titular un escrito y dem\u00e1s documentaci\u00f3n necesaria para dar respuesta a su solicitud, en un plazo no mayor al indicado en el art\u00edculo 32 de la Ley.<\/p>\n\n\n\n<p>6.- <strong>PROCEDIMIENTO Y MEDIOS PARA PONER A SU DISPOSICI\u00d3N EL AVISO DE PRIVACIDAD Y SUS MODIFICACIONES:<\/strong><\/p>\n\n\n\n<p>Se comunicar\u00e1 a El Titular los cambios realizados al presente Aviso de Privacidad a trav\u00e9s de cualquiera de los siguientes medios de su elecci\u00f3n:<\/p>\n\n\n\n<ul>\n<li>Escrito enviado a cualquiera de los domicilios que se tengan de El Titular.<\/li>\n\n\n\n<li>V\u00eda Telef\u00f3nica.<\/li>\n\n\n\n<li>Correo electr\u00f3nico enviado a cualquiera de las direcciones electr\u00f3nicas que haya proporcionado El Titular.<\/li>\n\n\n\n<li>Medios de comunicaci\u00f3n nacional como son: peri\u00f3dico, noticieros, radio.<\/li>\n\n\n\n<li>Avisos colocados en este sitio de Internet o bien en Redes sociales correspondientes.<\/li>\n<\/ul>\n\n\n\n<p>Por lo que recomendamos a El Titular visitar peri\u00f3dicamente esta p\u00e1gina y\/o estar atento a posibles modificaciones de este Aviso de Privacidad.<\/p>\n\n\n\n<p>7.- <strong>COOKIES, WEB BEACONS<\/strong><\/p>\n\n\n\n<p>Se comunicar\u00e1 a El Titular los cambios realizados al presente Aviso de Privacidad a trav\u00e9s de cualquiera de los siguientes medios de su elecci\u00f3n:<\/p>\n\n\n\n<ul>\n<li>Escrito enviado a cualquiera de los domicilios que se tengan de El Titular.<\/li>\n\n\n\n<li>V\u00eda Telef\u00f3nica.<\/li>\n\n\n\n<li>Correo electr\u00f3nico enviado a cualquiera de las direcciones electr\u00f3nicas que haya proporcionado El Titular.<\/li>\n\n\n\n<li>Medios de comunicaci\u00f3n nacional como son: peri\u00f3dico, noticieros, radio.<\/li>\n\n\n\n<li>Avisos colocados en este sitio de Internet o bien en Redes sociales correspondientes.<\/li>\n<\/ul>\n\n\n\n<p>Por lo que recomendamos a El Titular visitar peri\u00f3dicamente esta p\u00e1gina y\/o estar atento a posibles modificaciones de este Aviso de Privacidad.<\/p>\n\n\n\n<p>8.- <strong>CONTACTO DEL RESPONSABLE DE DATOS PERSONALES<\/strong><\/p>\n\n\n\n<p>Si tiene dudas sobre este Aviso, as\u00ed como sobre el tratamiento de los datos y los medios y procedimientos para la revocaci\u00f3n de su consentimiento y ejercicio de sus Derechos ARCO, puedes contactarme al correo electr\u00f3nico:\u00a0 <a href=\"mailto:msilva@monimoney.com\">msilva@monimoney.com<\/a><\/p>\n\n\n\n<p>Fecha de \u00faltima actualizaci\u00f3n: 06 de Enero 2023.<\/p>\n","protected":false},"excerpt":{"rendered":"<p>Moni Money a trav\u00e9s de Cassagne &amp; Caballero, Mejor Invierte, Lorif Asociados, principalmente; hace del conocimiento de los interesados que entreguen informaci\u00f3n personal, lo siguiente: 1.- DATOS PERSONALES E INFORMACI\u00d3N SENSIBLE PROPORCIONADOS POR USTED QUE SER\u00c1N SOMETIDOS AL TRATAMIENTO CORRESPONDIENTE: a) Datos personales: Datos de identificaci\u00f3n, contacto y laborales. b) Datos personales sensibles: Datos raciales [&hellip;]<\/p>\n","protected":false},"author":1,"featured_media":0,"parent":0,"menu_order":0,"comment_status":"closed","ping_status":"closed","template":"","meta":{"footnotes":""},"_links":{"self":[{"href":"https:\/\/monimoney.com\/index.php\/wp-json\/wp\/v2\/pages\/510"}],"collection":[{"href":"https:\/\/monimoney.com\/index.php\/wp-json\/wp\/v2\/pages"}],"about":[{"href":"https:\/\/monimoney.com\/index.php\/wp-json\/wp\/v2\/types\/page"}],"author":[{"embeddable":true,"href":"https:\/\/monimoney.com\/index.php\/wp-json\/wp\/v2\/users\/1"}],"replies":[{"embeddable":true,"href":"https:\/\/monimoney.com\/index.php\/wp-json\/wp\/v2\/comments?post=510"}],"version-history":[{"count":1,"href":"https:\/\/monimoney.com\/index.php\/wp-json\/wp\/v2\/pages\/510\/revisions"}],"predecessor-version":[{"id":511,"href":"https:\/\/monimoney.com\/index.php\/wp-json\/wp\/v2\/pages\/510\/revisions\/511"}],"wp:attachment":[{"href":"https:\/\/monimoney.com\/index.php\/wp-json\/wp\/v2\/media?parent=510"}],"curies":[{"name":"wp","href":"https:\/\/api.w.org\/{rel}","templated":true}]}}