{"id":78,"date":"2019-02-13T22:05:11","date_gmt":"2019-02-14T04:05:11","guid":{"rendered":"http:\/\/monimoney.com\/?page_id=78"},"modified":"2019-02-19T18:00:37","modified_gmt":"2019-02-20T00:00:37","slug":"finanzas-personales","status":"publish","type":"page","link":"https:\/\/monimoney.com\/index.php\/finanzas-personales\/","title":{"rendered":"Finanzas Personales"},"content":{"rendered":"<div id=\"pl-78\"  class=\"panel-layout\" >\n<div id=\"pg-78-0\"  class=\"panel-grid panel-no-style\"  data-style=\"{&quot;background_image_attachment&quot;:false,&quot;background_display&quot;:&quot;tile&quot;,&quot;cell_alignment&quot;:&quot;flex-start&quot;}\"  data-ratio=\"1\"  data-ratio-direction=\"right\" >\n<div id=\"pgc-78-0-0\"  class=\"panel-grid-cell\"  data-weight=\"1\" >\n<div id=\"panel-78-0-0-0\" class=\"so-panel widget widget_sow-editor panel-first-child panel-last-child\" data-index=\"0\" data-style=\"{&quot;background_image_attachment&quot;:false,&quot;background_display&quot;:&quot;tile&quot;}\" >\n<div class=\"so-widget-sow-editor so-widget-sow-editor-base\">\n<h3 class=\"widget-title\">Estrategias pr\u00e1cticas para hacer crecer tu dinero<\/h3>\n<div class=\"siteorigin-widget-tinymce textwidget\">\n<p>Las\u00a0<strong>finanzas personales<\/strong>\u00a0sanas permiten sacar mayor provecho a tus ingresos. Aprender de los conceptos financieros b\u00e1sicos y los consejos que estar\u00e9 compartiendo; sin duda son un excelente inicio para potencializar tu dinero.<\/p>\n<h4>Los puedes clasificar a corto, medio o largo plazo.<\/h4>\n<p>Cuando me refiero a tus\u00a0<strong>finanzas personales<\/strong>, tambi\u00e9n es conveniente iniciar un camino de autoconocimiento, es decir, empezar a conocer qu\u00e9 se ajusta mejor a tus tiempos, necesidades econ\u00f3micas y metas que te gustar\u00eda alcanzar.<\/p>\n<p>Conocer los diferentes productos financieros ayuda a hacer crecer tus ahorros, pero espera, cada uno tiene sus pros y contras.\u00a0Sabiendo utilizarlos es que puedes hacer una excelente estrategia para lograr lo que te propongas.<\/p>\n<p><img decoding=\"async\" loading=\"lazy\" class=\"aligncenter wp-image-80 size-full\" src=\"https:\/\/monimoney.com\/wp-content\/uploads\/2019\/02\/finanzaspersonales.jpg\" alt=\"finanzas personales\" width=\"609\" height=\"264\" srcset=\"https:\/\/monimoney.com\/wp-content\/uploads\/2019\/02\/finanzaspersonales.jpg 609w, https:\/\/monimoney.com\/wp-content\/uploads\/2019\/02\/finanzaspersonales-300x130.jpg 300w\" sizes=\"(max-width: 609px) 100vw, 609px\" \/><\/p>\n<p>Cada persona es diferente y la aplicaci\u00f3n de los principios de las finanzas en la gesti\u00f3n de tus recursos pueden hacer una gran diferencia en su estilo de vida.<\/p>\n<p>El objetivo principal de las <strong>finanzas personales<\/strong> es ayudarte a tomar decisiones informadas que te permitan optimizar el manejo de tus recursos a trav\u00e9s de:<\/p>\n<ul>\n<li>Protecci\u00f3n: Contar con una protecci\u00f3n adecuada ante riesgos o imprevistos\u00a0<span style=\"font-weight: 400;\">(en tu vida, salud, hogar, negocio o auto).<\/span><\/li>\n<li>Inversi\u00f3n: Lograr acumular o conseguir suficientes recursos para poder invertir en activos que afectan positivamente la calidad de vida pero que son costosos.\u00a0<span style=\"font-weight: 400;\">Tomando el riesgo que conlleva cada una, puedes invertir sabia e inteligentemente.<\/span><\/li>\n<li>Impuestos: <span style=\"font-weight: 400;\">Puedes<\/span><span style=\"font-weight: 400;\"> contar con estrategias para deducci\u00f3n de impuestos.<\/span><\/li>\n<li>Jubilaci\u00f3n: Mantener los recursos suficientes para poder vivir una vejez digna en la etapa de vida en donde dejamos de trabajar.<\/li>\n<li>Liquidez: Contar con los recursos para financiar tus actividades cotidianas e imprevistos.<\/li>\n<li>Herencia: Con el objetivo de dejar un legado.<\/li>\n<li style=\"font-weight: 400;\"><span style=\"font-weight: 400;\">Proyectos para la educaci\u00f3n: Asegurando que tus hijos, nietos, sobrinos o ahijados logren estudiar en las mejores escuelas.<\/span><\/li>\n<li style=\"font-weight: 400;\"><span style=\"font-weight: 400;\">Hombre clave: No dejes que te pirateen a tus mejores elementos dentro de tu Empresa.<\/span><\/li>\n<li style=\"font-weight: 400;\"><span style=\"font-weight: 400;\">Gastos M\u00e9dicos Mayores: Prevenci\u00f3n ante cualquier accidente, enfermedad y\/o maternidad.<\/span><\/li>\n<li style=\"font-weight: 400;\"><span style=\"font-weight: 400;\">Metas espec\u00edficas: Como realizar una fiesta de XV a\u00f1os, irte al Mundial, otros viajes, casa, peque\u00f1o negocio, etc.<\/span><\/li>\n<\/ul>\n<p>Los activos, pasivos, ingresos y egresos son elementos b\u00e1sicos en e juego del dinero que al utilizarlos sabiamente te ayudan a generar riqueza.<\/p>\n<\/div>\n<\/div>\n<\/div>\n<\/div>\n<\/div>\n<\/div>\n","protected":false},"excerpt":{"rendered":"<p>Estrategias pr\u00e1cticas para hacer crecer tu dinero Las\u00a0finanzas personales\u00a0sanas permiten sacar mayor provecho a tus ingresos. Aprender de los conceptos financieros b\u00e1sicos y los consejos que estar\u00e9 compartiendo; sin duda son un excelente inicio para potencializar tu dinero. Los puedes clasificar a corto, medio o largo plazo. Cuando me refiero a tus\u00a0finanzas personales, tambi\u00e9n es [&hellip;]<\/p>\n","protected":false},"author":1,"featured_media":0,"parent":0,"menu_order":0,"comment_status":"closed","ping_status":"closed","template":"","meta":{"footnotes":""},"_links":{"self":[{"href":"https:\/\/monimoney.com\/index.php\/wp-json\/wp\/v2\/pages\/78"}],"collection":[{"href":"https:\/\/monimoney.com\/index.php\/wp-json\/wp\/v2\/pages"}],"about":[{"href":"https:\/\/monimoney.com\/index.php\/wp-json\/wp\/v2\/types\/page"}],"author":[{"embeddable":true,"href":"https:\/\/monimoney.com\/index.php\/wp-json\/wp\/v2\/users\/1"}],"replies":[{"embeddable":true,"href":"https:\/\/monimoney.com\/index.php\/wp-json\/wp\/v2\/comments?post=78"}],"version-history":[{"count":6,"href":"https:\/\/monimoney.com\/index.php\/wp-json\/wp\/v2\/pages\/78\/revisions"}],"predecessor-version":[{"id":184,"href":"https:\/\/monimoney.com\/index.php\/wp-json\/wp\/v2\/pages\/78\/revisions\/184"}],"wp:attachment":[{"href":"https:\/\/monimoney.com\/index.php\/wp-json\/wp\/v2\/media?parent=78"}],"curies":[{"name":"wp","href":"https:\/\/api.w.org\/{rel}","templated":true}]}}