{"id":85,"date":"2019-02-13T22:29:43","date_gmt":"2019-02-14T04:29:43","guid":{"rendered":"http:\/\/monimoney.com\/?page_id=85"},"modified":"2024-07-02T20:00:47","modified_gmt":"2024-07-03T01:00:47","slug":"talleres-finanzas-personales-con-moni-money","status":"publish","type":"page","link":"https:\/\/monimoney.com\/index.php\/talleres-finanzas-personales-con-moni-money\/","title":{"rendered":"Acerca de mis talleres"},"content":{"rendered":"\n<p class=\"has-text-align-center has-accent-3-color has-text-color has-large-font-size\"><strong>\u201cVive el presente sin descuidar el futuro, porque al final\u2026 todo puede suceder\u201d<\/strong><\/p>\n\n\n\n<div class=\"wp-block-group alignfull is-layout-constrained wp-container-1 wp-block-group-is-layout-constrained\">\n<div class=\"wp-block-media-text alignfull is-stacked-on-mobile has-very-light-bg-color has-light-bg-background-color has-text-color has-background\"><figure class=\"wp-block-media-text__media\"><img decoding=\"async\" loading=\"lazy\" width=\"750\" height=\"600\" src=\"https:\/\/monimoney.com\/wp-content\/uploads\/2023\/01\/Moni2-1.jpg\" alt=\"\" class=\"wp-image-440 size-full\" srcset=\"https:\/\/monimoney.com\/wp-content\/uploads\/2023\/01\/Moni2-1.jpg 750w, https:\/\/monimoney.com\/wp-content\/uploads\/2023\/01\/Moni2-1-300x240.jpg 300w\" sizes=\"(max-width: 750px) 100vw, 750px\" \/><\/figure><div class=\"wp-block-media-text__content\">\n<p>La situaci\u00f3n y desempe\u00f1o financiero de una persona puede ser buena, regular o mala:&nbsp; pero siempre existe la oportunidad de mejorarla . <\/p>\n\n\n\n<p>Mis talleres v\u00eda zoom, te brindan la oportunidad de aprender a realizarlo.<\/p>\n\n\n\n<p>De manera divertida y diferente, podr\u00e1s identificar en experiencia cada elemento para aplicarlo sabiamente hacia tus finanzas personales.<\/p>\n\n\n\n<p>\u00a1Utilizar tus finanzas personales a favor es una gran decisi\u00f3n!<\/p>\n<\/div><\/div>\n<\/div>\n\n\n\n<div style=\"height:40px\" aria-hidden=\"true\" class=\"wp-block-spacer\"><\/div>\n\n\n\n<div class=\"wp-block-columns is-layout-flex wp-container-3 wp-block-columns-is-layout-flex\">\n<div class=\"wp-block-column is-layout-flow wp-block-column-is-layout-flow\">\n<h2 class=\"wp-block-heading has-accent-3-color has-text-color\">Dirigido a:<\/h2>\n\n\n\n<p class=\"has-very-light-bg-color has-text-color\">A toda persona que est\u00e9 decidida a fortalecer su cultura financiera y tomar decisiones en sus&nbsp;<strong>finanzas personales<\/strong>. <\/p>\n\n\n\n<p>Tambi\u00e9n a toda persona que ha comenzado a emprender y no ha logrado aterrizar las bases financieras de su peque\u00f1o o mediano negocio.<\/p>\n\n\n\n<h2 class=\"wp-block-heading has-accent-3-color has-text-color\">Objetivo:<\/h2>\n\n\n\n<p class=\"has-very-light-bg-color has-text-color\">Aplicar las herramientas te\u00f3rico-pr\u00e1cticas del proceso financiero encaminadas a analizar e interpretar su posici\u00f3n y desempe\u00f1o para que, con la toma de decisiones, logres una estabilidad financiera y as\u00ed llegar a un siguiente nivel.<\/p>\n<\/div>\n<\/div>\n\n\n\n<div class=\"wp-block-columns is-layout-flex wp-container-7 wp-block-columns-is-layout-flex\">\n<div class=\"wp-block-column is-layout-flow wp-block-column-is-layout-flow\">\n<h2 class=\"wp-block-heading is-style-default has-accent-3-color has-text-color\" style=\"margin-top:0px;margin-right:0px;margin-bottom:0px;margin-left:0px\">Temas:<\/h2>\n\n\n\n<ul>\n<li>Conceptos b\u00e1sicos en las finanzas.<\/li>\n\n\n\n<li>Identificar tu patr\u00f3n del dinero.<\/li>\n\n\n\n<li>Determinar tus metas financieras.<\/li>\n\n\n\n<li>Fortalecer la cultura financiera.<\/li>\n\n\n\n<li>Realizar la toma de decisiones para mejorar la situaci\u00f3n financiera.<\/li>\n\n\n\n<li>Conocer la integraci\u00f3n de los presupuestos y su importancia.<\/li>\n\n\n\n<li>Identificar los proyectos de inversi\u00f3n como opciones para obtener la libertad financiera.<\/li>\n<\/ul>\n<\/div>\n\n\n\n<div class=\"wp-block-column is-vertically-aligned-center is-layout-flow wp-block-column-is-layout-flow\">\n<h2 class=\"wp-block-heading has-accent-3-color has-text-color\">Con todo esto lograr\u00e1s:<\/h2>\n\n\n\n<div class=\"wp-block-group is-vertical is-layout-flex wp-container-5 wp-block-group-is-layout-flex\">\n<p>1. Conocer c\u00f3mo planear tus gastos.<\/p>\n\n\n\n<p>2. Elaborar tu presupuesto semanal, mensual y anual.<\/p>\n\n\n\n<p>3. Crear una cultura del ahorro constante.<\/p>\n\n\n\n<p>4. Realizar un consumo consciente a partir de la toma de decisiones responsable.<\/p>\n\n\n\n<p>5. Diferenciar las opciones que hay para invertir tu dinero.<\/p>\n\n\n\n<p>6. Identificar las opciones que tienes para pedir dinero prestado (cr\u00e9dito), sus ventajas y sus desventajas.<\/p>\n<\/div>\n<\/div>\n<\/div>\n\n\n\n<hr class=\"wp-block-separator has-alpha-channel-opacity\"\/>\n\n\n\n<div class=\"wp-block-group is-nowrap is-layout-flex wp-container-9 wp-block-group-is-layout-flex\">\n<p class=\"has-text-align-center is-style-default has-large-font-size wp-container-content-8\">Reg\u00edstrate a mi Taller Gratis<\/p>\n<\/div>\n\n\n\n<div class=\"wp-block-buttons is-content-justification-center is-layout-flex wp-container-10 wp-block-buttons-is-layout-flex\">\n<div class=\"wp-block-button has-custom-width wp-block-button__width-75\"><a class=\"wp-block-button__link wp-element-button\" href=\"https:\/\/api.whatsapp.com\/send?phone=5215571579733&amp;text=Quiero%20informaci%C3%B3n%20del%20Taller%20de%20Finanzas%20Personales%20solo%20para%20Mujeres\" target=\"_blank\" rel=\"noreferrer noopener\">Quiero m\u00e1s informaci\u00f3n<\/a><\/div>\n<\/div>\n\n\n\n<figure class=\"wp-block-image size-full is-resized is-style-hover-zoom\"><img decoding=\"async\" loading=\"lazy\" width=\"895\" height=\"600\" src=\"https:\/\/monimoney.com\/wp-content\/uploads\/2023\/01\/Moni1-1.jpg\" alt=\"\" class=\"wp-image-439\" style=\"width:706px;height:472px\" srcset=\"https:\/\/monimoney.com\/wp-content\/uploads\/2023\/01\/Moni1-1.jpg 895w, https:\/\/monimoney.com\/wp-content\/uploads\/2023\/01\/Moni1-1-300x201.jpg 300w, https:\/\/monimoney.com\/wp-content\/uploads\/2023\/01\/Moni1-1-768x515.jpg 768w, https:\/\/monimoney.com\/wp-content\/uploads\/2023\/01\/Moni1-1-272x182.jpg 272w\" sizes=\"(max-width: 895px) 100vw, 895px\" \/><\/figure>\n\n\n\n<hr class=\"wp-block-separator has-alpha-channel-opacity has-background is-style-default\"\/>\n\n\n\n<h2 class=\"wp-block-heading alignwide has-text-align-center is-style-default has-light-bg-color has-bg-background-color has-text-color has-background\" style=\"margin-top:0;margin-right:0;margin-bottom:0;margin-left:0\">\u201cLa IGNORANCIA lleva a todo cuanto una persona NO quiere, mientras que el CONOCIMIENTO nos pone en el camino que todos deber\u00edamos de seguir. <\/h2>\n\n\n\n<h2 class=\"wp-block-heading alignwide has-text-align-center is-style-default has-light-bg-color has-bg-background-color has-text-color has-background\" style=\"margin-top:0;margin-right:0;margin-bottom:0;margin-left:0\">El elemento que se encuentra entre la comprensi\u00f3n y el conocimiento es la EDUCACI\u00d3N mediante el ESTUDIO y aplicaci\u00f3n constantes\u201d.&nbsp;&nbsp; <\/h2>\n\n\n\n<h2 class=\"wp-block-heading has-text-align-center has-accent-3-color has-text-color\">Bob Proctor<\/h2>\n\n\n\n<div style=\"height:50px\" aria-hidden=\"true\" class=\"wp-block-spacer\"><\/div>\n\n\n\n<hr class=\"wp-block-separator has-alpha-channel-opacity\"\/>\n","protected":false},"excerpt":{"rendered":"<p>\u201cVive el presente sin descuidar el futuro, porque al final\u2026 todo puede suceder\u201d La situaci\u00f3n y desempe\u00f1o financiero de una persona puede ser buena, regular o mala:&nbsp; pero siempre existe la oportunidad de mejorarla . Mis talleres v\u00eda zoom, te brindan la oportunidad de aprender a realizarlo. De manera divertida y diferente, podr\u00e1s identificar en [&hellip;]<\/p>\n","protected":false},"author":1,"featured_media":0,"parent":0,"menu_order":0,"comment_status":"closed","ping_status":"closed","template":"","meta":{"footnotes":""},"_links":{"self":[{"href":"https:\/\/monimoney.com\/index.php\/wp-json\/wp\/v2\/pages\/85"}],"collection":[{"href":"https:\/\/monimoney.com\/index.php\/wp-json\/wp\/v2\/pages"}],"about":[{"href":"https:\/\/monimoney.com\/index.php\/wp-json\/wp\/v2\/types\/page"}],"author":[{"embeddable":true,"href":"https:\/\/monimoney.com\/index.php\/wp-json\/wp\/v2\/users\/1"}],"replies":[{"embeddable":true,"href":"https:\/\/monimoney.com\/index.php\/wp-json\/wp\/v2\/comments?post=85"}],"version-history":[{"count":12,"href":"https:\/\/monimoney.com\/index.php\/wp-json\/wp\/v2\/pages\/85\/revisions"}],"predecessor-version":[{"id":586,"href":"https:\/\/monimoney.com\/index.php\/wp-json\/wp\/v2\/pages\/85\/revisions\/586"}],"wp:attachment":[{"href":"https:\/\/monimoney.com\/index.php\/wp-json\/wp\/v2\/media?parent=85"}],"curies":[{"name":"wp","href":"https:\/\/api.w.org\/{rel}","templated":true}]}}